{"id":517,"date":"2019-09-10T17:27:25","date_gmt":"2019-09-10T20:27:25","guid":{"rendered":"http:\/\/blog.ninamartinelli.com.br\/?page_id=517"},"modified":"2019-09-10T18:05:25","modified_gmt":"2019-09-10T21:05:25","slug":"sobre-a-nina-martinelli","status":"publish","type":"page","link":"https:\/\/ninamartinelli.com.br\/blog2\/sobre-a-nina-martinelli\/","title":{"rendered":"Sobre a Nina Martinelli"},"content":{"rendered":"<p>A cidade de Tamba\u00fa j\u00e1 foi a maior produtora de telhas cer\u00e2micas do pa\u00eds.<img loading=\"lazy\" decoding=\"async\" class=\"alignright wp-image-527 size-medium\" src=\"http:\/\/blog.ninamartinelli.com.br\/wp-content\/uploads\/2019\/09\/chamine-300x300.png\" alt=\"\" width=\"300\" height=\"300\" srcset=\"https:\/\/ninamartinelli.com.br\/blog2\/wp-content\/uploads\/2019\/09\/chamine-300x300.png 300w, https:\/\/ninamartinelli.com.br\/blog2\/wp-content\/uploads\/2019\/09\/chamine-150x150.png 150w, https:\/\/ninamartinelli.com.br\/blog2\/wp-content\/uploads\/2019\/09\/chamine-50x50.png 50w, https:\/\/ninamartinelli.com.br\/blog2\/wp-content\/uploads\/2019\/09\/chamine.png 500w\" sizes=\"auto, (max-width: 300px) 100vw, 300px\" \/><\/p>\n<p>A excelente qualidade do barro (argila) do munic\u00edpio, fez da cidade hoje um dos maiores p\u00f3los produtores de cer\u00e2mica do Brasil.<\/p>\n<p>A Nina Martinelli Pisos e Revestimentos nasceu como heran\u00e7a de um passado de sucesso de outras empresas locais. A experi\u00eancia e o bom gosto se transformaram no ano 2000 em produtos com melhor acabamento, novas linhas de produtos em cer\u00e2mica r\u00fastica com acabamento inconfund\u00edvel e qualidade superior aos produtos em linha da \u00e9poca.<\/p>\n<p>Depois de um trabalho de pesquisa de mais de 4 anos, com visitas no exterior, experi\u00eancias com composi\u00e7\u00f5es de materiais e assessoria de especialistas italianos, a Nina Martinelli criou novas linhas de produtos que trouxeram mais visibilidade para a empresa. Essas linhas de produtos tem sido atra\u00e7\u00f5es nas principais feiras do setor de pisos e revestimentos e decora\u00e7\u00e3o do Brasil.<\/p>\n<p>O uso desses produtos por grandes arquitetos em montagens para Casa Cor Goi\u00e1s, Recife, al\u00e9m de mostras especializadas como Casa Oficce, Campinas D\u00e9cor, Itu D\u00e9cor, entre outras, e ainda a participa\u00e7\u00e3o ininterrupta das edi\u00e7\u00f5es da Expo Revestir, distribuem os pisos e revestimentos Nina Martinelli por todo pa\u00eds.<\/p>\n<p>Desde ent\u00e3o a empresa vem se renovando e criando novos produtos para diversificar e aumentar a possibilidade dos trabalhos feitos com o mais alto requinte e sofistica\u00e7\u00e3o que os produtos da Nina Martinelli oferecem.<\/p>\n","protected":false},"excerpt":{"rendered":"<p>A cidade de Tamba\u00fa j\u00e1 foi a maior produtora de telhas cer\u00e2micas do pa\u00eds. A<\/p>\n","protected":false},"author":1,"featured_media":0,"parent":0,"menu_order":0,"comment_status":"closed","ping_status":"closed","template":"","meta":{"footnotes":""},"class_list":["post-517","page","type-page","status-publish","hentry"],"yoast_head":"<!-- This site is optimized with the Yoast SEO plugin v26.8 - https:\/\/yoast.com\/product\/yoast-seo-wordpress\/ -->\n<title>Sobre a Nina Martinelli - Blog Nina<\/title>\n<meta name=\"robots\" content=\"index, follow, max-snippet:-1, max-image-preview:large, max-video-preview:-1\" \/>\n<link rel=\"canonical\" href=\"https:\/\/ninamartinelli.com.br\/blog2\/sobre-a-nina-martinelli\/\" \/>\n<meta property=\"og:locale\" content=\"pt_BR\" \/>\n<meta property=\"og:type\" content=\"article\" \/>\n<meta property=\"og:title\" content=\"Sobre a Nina Martinelli - Blog Nina\" \/>\n<meta property=\"og:description\" content=\"A cidade de Tamba\u00fa j\u00e1 foi a maior produtora de telhas cer\u00e2micas do pa\u00eds. A\" \/>\n<meta property=\"og:url\" content=\"https:\/\/ninamartinelli.com.br\/blog2\/sobre-a-nina-martinelli\/\" \/>\n<meta property=\"og:site_name\" content=\"Blog Nina\" \/>\n<meta property=\"article:modified_time\" content=\"2019-09-10T21:05:25+00:00\" \/>\n<meta property=\"og:image\" content=\"http:\/\/blog.ninamartinelli.com.br\/wp-content\/uploads\/2019\/09\/chamine-300x300.png\" \/>\n<meta name=\"twitter:card\" content=\"summary_large_image\" \/>\n<meta name=\"twitter:label1\" content=\"Est. tempo de leitura\" \/>\n\t<meta name=\"twitter:data1\" content=\"1 minuto\" \/>\n<script type=\"application\/ld+json\" class=\"yoast-schema-graph\">{\"@context\":\"https:\/\/schema.org\",\"@graph\":[{\"@type\":\"WebPage\",\"@id\":\"https:\/\/ninamartinelli.com.br\/blog2\/sobre-a-nina-martinelli\/\",\"url\":\"https:\/\/ninamartinelli.com.br\/blog2\/sobre-a-nina-martinelli\/\",\"name\":\"Sobre a Nina Martinelli - Blog Nina\",\"isPartOf\":{\"@id\":\"https:\/\/ninamartinelli.com.br\/blog2\/#website\"},\"primaryImageOfPage\":{\"@id\":\"https:\/\/ninamartinelli.com.br\/blog2\/sobre-a-nina-martinelli\/#primaryimage\"},\"image\":{\"@id\":\"https:\/\/ninamartinelli.com.br\/blog2\/sobre-a-nina-martinelli\/#primaryimage\"},\"thumbnailUrl\":\"http:\/\/blog.ninamartinelli.com.br\/wp-content\/uploads\/2019\/09\/chamine-300x300.png\",\"datePublished\":\"2019-09-10T20:27:25+00:00\",\"dateModified\":\"2019-09-10T21:05:25+00:00\",\"breadcrumb\":{\"@id\":\"https:\/\/ninamartinelli.com.br\/blog2\/sobre-a-nina-martinelli\/#breadcrumb\"},\"inLanguage\":\"pt-BR\",\"potentialAction\":[{\"@type\":\"ReadAction\",\"target\":[\"https:\/\/ninamartinelli.com.br\/blog2\/sobre-a-nina-martinelli\/\"]}]},{\"@type\":\"ImageObject\",\"inLanguage\":\"pt-BR\",\"@id\":\"https:\/\/ninamartinelli.com.br\/blog2\/sobre-a-nina-martinelli\/#primaryimage\",\"url\":\"http:\/\/blog.ninamartinelli.com.br\/wp-content\/uploads\/2019\/09\/chamine-300x300.png\",\"contentUrl\":\"http:\/\/blog.ninamartinelli.com.br\/wp-content\/uploads\/2019\/09\/chamine-300x300.png\"},{\"@type\":\"BreadcrumbList\",\"@id\":\"https:\/\/ninamartinelli.com.br\/blog2\/sobre-a-nina-martinelli\/#breadcrumb\",\"itemListElement\":[{\"@type\":\"ListItem\",\"position\":1,\"name\":\"In\u00edcio\",\"item\":\"https:\/\/ninamartinelli.com.br\/blog2\/\"},{\"@type\":\"ListItem\",\"position\":2,\"name\":\"Sobre a Nina Martinelli\"}]},{\"@type\":\"WebSite\",\"@id\":\"https:\/\/ninamartinelli.com.br\/blog2\/#website\",\"url\":\"https:\/\/ninamartinelli.com.br\/blog2\/\",\"name\":\"Nina Martinelli\",\"description\":\"#Nina_Martinelli\",\"publisher\":{\"@id\":\"https:\/\/ninamartinelli.com.br\/blog2\/#organization\"},\"potentialAction\":[{\"@type\":\"SearchAction\",\"target\":{\"@type\":\"EntryPoint\",\"urlTemplate\":\"https:\/\/ninamartinelli.com.br\/blog2\/?s={search_term_string}\"},\"query-input\":{\"@type\":\"PropertyValueSpecification\",\"valueRequired\":true,\"valueName\":\"search_term_string\"}}],\"inLanguage\":\"pt-BR\"},{\"@type\":\"Organization\",\"@id\":\"https:\/\/ninamartinelli.com.br\/blog2\/#organization\",\"name\":\"Blog Novidades\",\"url\":\"https:\/\/ninamartinelli.com.br\/blog2\/\",\"logo\":{\"@type\":\"ImageObject\",\"inLanguage\":\"pt-BR\",\"@id\":\"https:\/\/ninamartinelli.com.br\/blog2\/#\/schema\/logo\/image\/\",\"url\":\"http:\/\/blog.ninamartinelli.com.br\/wp-content\/uploads\/2022\/03\/logo_nina_blog.png\",\"contentUrl\":\"http:\/\/blog.ninamartinelli.com.br\/wp-content\/uploads\/2022\/03\/logo_nina_blog.png\",\"width\":500,\"height\":104,\"caption\":\"Blog Novidades\"},\"image\":{\"@id\":\"https:\/\/ninamartinelli.com.br\/blog2\/#\/schema\/logo\/image\/\"}}]}<\/script>\n<!-- \/ Yoast SEO plugin. -->","yoast_head_json":{"title":"Sobre a Nina Martinelli - Blog Nina","robots":{"index":"index","follow":"follow","max-snippet":"max-snippet:-1","max-image-preview":"max-image-preview:large","max-video-preview":"max-video-preview:-1"},"canonical":"https:\/\/ninamartinelli.com.br\/blog2\/sobre-a-nina-martinelli\/","og_locale":"pt_BR","og_type":"article","og_title":"Sobre a Nina Martinelli - Blog Nina","og_description":"A cidade de Tamba\u00fa j\u00e1 foi a maior produtora de telhas cer\u00e2micas do pa\u00eds. A","og_url":"https:\/\/ninamartinelli.com.br\/blog2\/sobre-a-nina-martinelli\/","og_site_name":"Blog Nina","article_modified_time":"2019-09-10T21:05:25+00:00","og_image":[{"url":"http:\/\/blog.ninamartinelli.com.br\/wp-content\/uploads\/2019\/09\/chamine-300x300.png","type":"","width":"","height":""}],"twitter_card":"summary_large_image","twitter_misc":{"Est. tempo de leitura":"1 minuto"},"schema":{"@context":"https:\/\/schema.org","@graph":[{"@type":"WebPage","@id":"https:\/\/ninamartinelli.com.br\/blog2\/sobre-a-nina-martinelli\/","url":"https:\/\/ninamartinelli.com.br\/blog2\/sobre-a-nina-martinelli\/","name":"Sobre a Nina Martinelli - Blog Nina","isPartOf":{"@id":"https:\/\/ninamartinelli.com.br\/blog2\/#website"},"primaryImageOfPage":{"@id":"https:\/\/ninamartinelli.com.br\/blog2\/sobre-a-nina-martinelli\/#primaryimage"},"image":{"@id":"https:\/\/ninamartinelli.com.br\/blog2\/sobre-a-nina-martinelli\/#primaryimage"},"thumbnailUrl":"http:\/\/blog.ninamartinelli.com.br\/wp-content\/uploads\/2019\/09\/chamine-300x300.png","datePublished":"2019-09-10T20:27:25+00:00","dateModified":"2019-09-10T21:05:25+00:00","breadcrumb":{"@id":"https:\/\/ninamartinelli.com.br\/blog2\/sobre-a-nina-martinelli\/#breadcrumb"},"inLanguage":"pt-BR","potentialAction":[{"@type":"ReadAction","target":["https:\/\/ninamartinelli.com.br\/blog2\/sobre-a-nina-martinelli\/"]}]},{"@type":"ImageObject","inLanguage":"pt-BR","@id":"https:\/\/ninamartinelli.com.br\/blog2\/sobre-a-nina-martinelli\/#primaryimage","url":"http:\/\/blog.ninamartinelli.com.br\/wp-content\/uploads\/2019\/09\/chamine-300x300.png","contentUrl":"http:\/\/blog.ninamartinelli.com.br\/wp-content\/uploads\/2019\/09\/chamine-300x300.png"},{"@type":"BreadcrumbList","@id":"https:\/\/ninamartinelli.com.br\/blog2\/sobre-a-nina-martinelli\/#breadcrumb","itemListElement":[{"@type":"ListItem","position":1,"name":"In\u00edcio","item":"https:\/\/ninamartinelli.com.br\/blog2\/"},{"@type":"ListItem","position":2,"name":"Sobre a Nina Martinelli"}]},{"@type":"WebSite","@id":"https:\/\/ninamartinelli.com.br\/blog2\/#website","url":"https:\/\/ninamartinelli.com.br\/blog2\/","name":"Nina Martinelli","description":"#Nina_Martinelli","publisher":{"@id":"https:\/\/ninamartinelli.com.br\/blog2\/#organization"},"potentialAction":[{"@type":"SearchAction","target":{"@type":"EntryPoint","urlTemplate":"https:\/\/ninamartinelli.com.br\/blog2\/?s={search_term_string}"},"query-input":{"@type":"PropertyValueSpecification","valueRequired":true,"valueName":"search_term_string"}}],"inLanguage":"pt-BR"},{"@type":"Organization","@id":"https:\/\/ninamartinelli.com.br\/blog2\/#organization","name":"Blog Novidades","url":"https:\/\/ninamartinelli.com.br\/blog2\/","logo":{"@type":"ImageObject","inLanguage":"pt-BR","@id":"https:\/\/ninamartinelli.com.br\/blog2\/#\/schema\/logo\/image\/","url":"http:\/\/blog.ninamartinelli.com.br\/wp-content\/uploads\/2022\/03\/logo_nina_blog.png","contentUrl":"http:\/\/blog.ninamartinelli.com.br\/wp-content\/uploads\/2022\/03\/logo_nina_blog.png","width":500,"height":104,"caption":"Blog Novidades"},"image":{"@id":"https:\/\/ninamartinelli.com.br\/blog2\/#\/schema\/logo\/image\/"}}]}},"_links":{"self":[{"href":"https:\/\/ninamartinelli.com.br\/blog2\/wp-json\/wp\/v2\/pages\/517","targetHints":{"allow":["GET"]}}],"collection":[{"href":"https:\/\/ninamartinelli.com.br\/blog2\/wp-json\/wp\/v2\/pages"}],"about":[{"href":"https:\/\/ninamartinelli.com.br\/blog2\/wp-json\/wp\/v2\/types\/page"}],"author":[{"embeddable":true,"href":"https:\/\/ninamartinelli.com.br\/blog2\/wp-json\/wp\/v2\/users\/1"}],"replies":[{"embeddable":true,"href":"https:\/\/ninamartinelli.com.br\/blog2\/wp-json\/wp\/v2\/comments?post=517"}],"version-history":[{"count":4,"href":"https:\/\/ninamartinelli.com.br\/blog2\/wp-json\/wp\/v2\/pages\/517\/revisions"}],"predecessor-version":[{"id":528,"href":"https:\/\/ninamartinelli.com.br\/blog2\/wp-json\/wp\/v2\/pages\/517\/revisions\/528"}],"wp:attachment":[{"href":"https:\/\/ninamartinelli.com.br\/blog2\/wp-json\/wp\/v2\/media?parent=517"}],"curies":[{"name":"wp","href":"https:\/\/api.w.org\/{rel}","templated":true}]}}